{"id":497,"date":"2021-03-04T14:50:44","date_gmt":"2021-03-04T13:50:44","guid":{"rendered":"https:\/\/piarc.ch\/?page_id=497"},"modified":"2022-11-16T17:51:24","modified_gmt":"2022-11-16T16:51:24","slug":"anmeldung_jahreskonferenz_2022","status":"publish","type":"page","link":"https:\/\/piarc.ch\/en\/anmeldung_jahreskonferenz_2022\/","title":{"rendered":"Anmeldung_HV_2022"},"content":{"rendered":"<section class=\"l-section wpb_row height_medium\"><div class=\"l-section-h i-cf\"><div class=\"g-cols vc_row via_flex valign_top type_default stacking_default\"><div class=\"vc_col-sm-12 wpb_column vc_column_container\"><div class=\"vc_column-inner\"><div class=\"wpb_wrapper\"><div class=\"wpb_text_column\"><div class=\"wpb_wrapper\"><h1><\/h1>\n<h1>ANMELDUNG JAHRESKONFERENZ 29. November 2022<br \/>\nErkenntnisse f\u00fcr die Schweiz aus der Strategieperiode 2020 &#8211; 2023<\/h1>\n<h1>INSCRIPTION CONF\u00c9RENCE ANNUELLE 29 novembre 2022<br \/>\nConclusions pour la Suisse de la p\u00e9riode strat\u00e9gique 2020 &#8211; 2023<\/h1>\n<\/div><\/div><div class=\"wpb_text_column\"><div class=\"wpb_wrapper\"><h5><\/h5>\n<h5>Bitte vollst\u00e4ndig ausf\u00fcllen und auf <strong>Senden<\/strong> klicken.<br \/>\nVeuillez compl\u00e9ter enti\u00e8rement le formulaire et cliquer sur <strong>Envoyer<\/strong>.<\/h5>\n<\/div><\/div><form class=\"w-form  us-field-style_1 us_custom_8f3fc3a3 layout_ver show_message_after_sending for_cform us_form_1\" action=\"https:\/\/piarc.ch\/en\/wp-json\/wp\/v2\/pages\/497\" method=\"post\" style=\"--fields-gap:2rem\"><div class=\"w-form-h\"><div class=\"w-form-row for_radio\">\r\n\t\t<div class=\"w-form-row-field\">\r\n\t\t\t\t\t<label>\r\n\t\t\t\t<input type=\"radio\" name=\"us_form_1_radio_1\" value=\"Externe(r) Teilnehmer(in) \/ Participant externe\" checked='checked'\/>\r\n\t\t\t\t<span>Externe(r) Teilnehmer(in) \/ Participant externe<\/span>\r\n\t\t\t<\/label>\r\n\t\t\t\t\t\t<label>\r\n\t\t\t\t<input type=\"radio\" name=\"us_form_1_radio_1\" value=\"PIARC Switzerland Mitglied \/ Membre de PIARC Switzerland\"\/>\r\n\t\t\t\t<span>PIARC Switzerland Mitglied \/ Membre de PIARC Switzerland<\/span>\r\n\t\t\t<\/label>\r\n\t\t\t\t\t\t<label>\r\n\t\t\t\t<input type=\"radio\" name=\"us_form_1_radio_1\" value=\"Studirende:r \/ \u00c9tudiant:e\"\/>\r\n\t\t\t\t<span>Studirende:r \/ \u00c9tudiant:e<\/span>\r\n\t\t\t<\/label>\r\n\t\t\t\t<\/div>\r\n\t\t<div class=\"w-form-row-state\">Select an option<\/div>\r\n<\/div>\r\n<div class=\"w-form-row for_text has_label move_label required\">\r\n\t\t\t<div class=\"w-form-row-label\">\r\n\t\t\t<span>Vorname \/ Pr\u00e9nom *<\/span>\r\n\t\t<\/div>\r\n\t\t<div class=\"w-form-row-field\">\r\n\t\t\t\t\t\t<input aria-label=\"Vorname \/ Pr\u00e9nom\" type=\"text\" name=\"us_form_1_text_1\" value placeholder=\"Vorname \/ Pr\u00e9nom\" data-required=\"true\" aria-required=\"true\"\/>\r\n\t\t\t<\/div>\r\n\t\t<div class=\"w-form-row-state\">Fill out this field<\/div>\r\n<\/div>\r\n<div class=\"w-form-row for_text has_label move_label required\">\r\n\t\t\t<div class=\"w-form-row-label\">\r\n\t\t\t<span>Nachname \/ Nom de famille *<\/span>\r\n\t\t<\/div>\r\n\t\t<div class=\"w-form-row-field\">\r\n\t\t\t\t\t\t<input aria-label=\"Nachname \/ Nom de famille\" type=\"text\" name=\"us_form_1_text_2\" value placeholder=\"Nachname \/ Nom de famille\" data-required=\"true\" aria-required=\"true\"\/>\r\n\t\t\t<\/div>\r\n\t\t<div class=\"w-form-row-state\">Fill out this field<\/div>\r\n<\/div>\r\n<div class=\"w-form-row for_text has_label move_label required\">\r\n\t\t\t<div class=\"w-form-row-label\">\r\n\t\t\t<span>Firma \/ Institution \/ Entreprise  *<\/span>\r\n\t\t<\/div>\r\n\t\t<div class=\"w-form-row-field\">\r\n\t\t\t\t\t\t<input aria-label=\"Firma \/ Institution \/ Entreprise \" type=\"text\" name=\"us_form_1_text_3\" value placeholder=\"Firma \/ Institution \/ Entreprise \" data-required=\"true\" aria-required=\"true\"\/>\r\n\t\t\t<\/div>\r\n\t\t<div class=\"w-form-row-state\">Fill out this field<\/div>\r\n<\/div>\r\n<div class=\"w-form-row for_email has_label move_label required\">\r\n\t\t\t<div class=\"w-form-row-label\">\r\n\t\t\t<span>E-Mail *<\/span>\r\n\t\t<\/div>\r\n\t\t<div class=\"w-form-row-field\">\r\n\t\t\t\t\t\t<input aria-label=\"E-Mail\" type=\"email\" name=\"us_form_1_email_1\" value placeholder=\"E-Mail\" data-required=\"true\" aria-required=\"true\"\/>\r\n\t\t\t<\/div>\r\n\t\t<div class=\"w-form-row-state\">Please enter a valid email address.<\/div>\r\n<\/div>\r\n<div class=\"w-form-row for_radio\">\r\n\t\t<div class=\"w-form-row-field\">\r\n\t\t\t\t\t<label>\r\n\t\t\t\t<input type=\"radio\" name=\"us_form_1_radio_2\" value=\"Ich werde am Stehlunch ab 12.30 Uhr teilnehmen. \/\" checked='checked'\/>\r\n\t\t\t\t<span>Ich werde am Stehlunch ab 12.30 Uhr teilnehmen. \/<\/span>\r\n\t\t\t<\/label>\r\n\t\t\t\t\t\t<label>\r\n\t\t\t\t<input type=\"radio\" name=\"us_form_1_radio_2\" value=\"Je participerai au d\u00e9jeuner debout \u00e0 partir de 12h30.\"\/>\r\n\t\t\t\t<span>Je participerai au d\u00e9jeuner debout \u00e0 partir de 12h30.<\/span>\r\n\t\t\t<\/label>\r\n\t\t\t\t<\/div>\r\n\t\t<div class=\"w-form-row-state\">Select an option<\/div>\r\n<\/div>\r\n<input type=\"hidden\" name=\"action\" value=\"us_ajax_cform\" \/>\r\n<input type=\"hidden\" name=\"post_id\" value=\"0\" \/>\r\n<input type=\"hidden\" name=\"form_index\" value=\"1\" \/>\r\n<div class=\"w-form-row for_submit align_center\">\r\n\t<button class=\"w-btn  us-btn-style_1\" aria-label=\"Senden \/ Envoyer\" type=\"submit\">\r\n\t\t<span class=\"g-preloader type_1\"><\/span>\r\n\t\t\t\t<span class=\"w-btn-label\">Senden \/ Envoyer<\/span>\r\n\t\t\t<\/button>\r\n\t<\/div>\r\n<\/div><div class=\"w-form-message\"><\/div><div class=\"w-form-json hidden\" onclick='return {&quot;ajaxurl&quot;:&quot;https:\\\/\\\/piarc.ch\\\/wp-admin\\\/admin-ajax.php&quot;,&quot;messages&quot;:{&quot;err_empty&quot;:&quot;Fill out this field&quot;,&quot;err_size&quot;:&quot;File size cannot exceed %s MB&quot;,&quot;err_extension&quot;:&quot;%s file type is not allowed&quot;,&quot;err_recaptcha_keys&quot;:&quot;reCAPTCHA keys are incorrect&quot;}}'><\/div><\/form><div class=\"wpb_text_column\"><div class=\"wpb_wrapper\"><h1><\/h1>\n<h1>PROGRAMM<\/h1>\n<\/div><\/div><div class=\"wpb_text_column\"><div class=\"wpb_wrapper\"><p>ab 12:30 Uhr\u00a0\u00a0\u00a0\u00a0\u00a0\u00a0\u00a0\u00a0\u00a0\u00a0\u00a0 Erfrischungen<br \/>\n13.20 Uhr \u00a0\u00a0\u00a0\u00a0\u00a0\u00a0\u00a0\u00a0\u00a0\u00a0\u00a0\u00a0\u00a0\u00a0\u00a0\u00a0 <strong>Begr\u00fcssung <\/strong>(Andr\u00e9 Magnin, Pr\u00e4seident PIARC Switzerland, KI Kt. FR)<br \/>\n13.30 Uhr\u00a0\u00a0\u00a0\u00a0\u00a0\u00a0\u00a0\u00a0\u00a0\u00a0\u00a0\u00a0\u00a0\u00a0\u00a0\u00a0\u00a0 <strong>ASTRA und PIARC \u2013 eine Erfolgsstory? <\/strong>(J\u00fcrg R\u00f6thlisberger, ASTRA-Direktor)<br \/>\n14:00 Uhr\u00a0\u00a0\u00a0\u00a0\u00a0\u00a0\u00a0\u00a0\u00a0\u00a0\u00a0\u00a0\u00a0\u00a0\u00a0\u00a0\u00a0 <strong>Mobility in Urban Areas (TC 2.1) <\/strong>(Dr. Maik H\u00f6mke, ASTRA)<br \/>\n14:30 Uhr\u00a0\u00a0\u00a0\u00a0\u00a0\u00a0\u00a0\u00a0\u00a0\u00a0\u00a0\u00a0\u00a0\u00a0\u00a0\u00a0\u00a0 <strong>Freight (TC 2.3)\u00a0<\/strong>(Martin Ruesch, RAPP AG)<br \/>\n15:00 Uhr\u00a0\u00a0\u00a0\u00a0\u00a0\u00a0\u00a0\u00a0\u00a0\u00a0\u00a0\u00a0\u00a0\u00a0\u00a0\u00a0\u00a0 <strong>Pause<br \/>\n<\/strong>15.30 Uhr\u00a0\u00a0\u00a0\u00a0\u00a0\u00a0\u00a0\u00a0\u00a0\u00a0\u00a0\u00a0\u00a0\u00a0\u00a0\u00a0\u00a0 <strong>Asset Management (TC 3.3) <\/strong>(Dr. Rade Hajdin, Infrastructure Management Consultants GmbH)<br \/>\n16:00 Uhr\u00a0\u00a0\u00a0\u00a0\u00a0\u00a0\u00a0\u00a0\u00a0\u00a0\u00a0\u00a0\u00a0\u00a0\u00a0\u00a0\u00a0 <strong>Pavements (TC 4.1) <\/strong>(Prof. Dr. Nicolas Bueche, BFH)<br \/>\n16.30 Uhr\u00a0\u00a0\u00a0\u00a0\u00a0\u00a0\u00a0\u00a0\u00a0\u00a0\u00a0\u00a0\u00a0\u00a0\u00a0\u00a0\u00a0 <strong>Bridges (TC 4.2) <\/strong>(Dr. Dimitrios Papastergiou, ASTRA)<br \/>\n17.00 Uhr\u00a0\u00a0\u00a0\u00a0\u00a0\u00a0\u00a0\u00a0\u00a0\u00a0\u00a0\u00a0\u00a0\u00a0\u00a0\u00a0\u00a0 <strong>Diskussion, Feedbackrunde <\/strong>(Andr\u00e9 Magnin)<br \/>\n17.30 Uhr\u00a0\u00a0\u00a0\u00a0\u00a0\u00a0\u00a0\u00a0\u00a0\u00a0\u00a0\u00a0\u00a0\u00a0\u00a0\u00a0\u00a0 <strong>Ende der Konferenz<\/strong><\/p>\n<p>&nbsp;<\/p>\n<\/div><\/div><div class=\"wpb_text_column\"><div class=\"wpb_wrapper\"><h1>PROGRAMME<\/h1>\n<\/div><\/div><div class=\"wpb_text_column\"><div class=\"wpb_wrapper\"><p>d\u00e8s 12h30 \u00a0\u00a0\u00a0\u00a0\u00a0\u00a0\u00a0\u00a0\u00a0\u00a0\u00a0\u00a0\u00a0\u00a0\u00a0\u00a0 Rafra\u00eechissements<br \/>\n13h20 \u00a0 \u00a0 \u00a0 \u00a0 \u00a0 \u00a0 \u00a0 \u00a0 \u00a0 \u00a0 \u00a0 \u00a0\u00a0<strong>Mot de bienvenue\u00a0<\/strong>(Andr\u00e9 Magnin, pr\u00e9sident PIARC Switzerland, KI Kt. FR)<br \/>\n13h30 \u00a0 \u00a0 \u00a0 \u00a0 \u00a0 \u00a0 \u00a0 \u00a0 \u00a0 \u00a0 \u00a0 \u00a0\u00a0<strong>L&#8217;OFROU et PIARC \u2013 une histoire \u00e0 succ\u00e8s? <\/strong>(J\u00fcrg R\u00f6thlisberger, directeur de l&#8217;OFROU)<br \/>\n14h00 \u00a0 \u00a0 \u00a0 \u00a0 \u00a0 \u00a0 \u00a0 \u00a0 \u00a0 \u00a0 \u00a0 \u00a0<strong>Mobility in Urban Areas (TC 2.1) <\/strong>(Dr. Maik H\u00f6mke, ASTRA)<br \/>\n14h30 \u00a0 \u00a0 \u00a0 \u00a0 \u00a0 \u00a0 \u00a0 \u00a0 \u00a0 \u00a0 \u00a0 \u00a0<strong>Freight (TC 2.3)\u00a0<\/strong>(Martin Ruesch, RAPP AG)<br \/>\n15h00 \u00a0 \u00a0 \u00a0 \u00a0 \u00a0 \u00a0 \u00a0 \u00a0 \u00a0 \u00a0 \u00a0 \u00a0Pause<strong><br \/>\n<\/strong>15h30 \u00a0 \u00a0 \u00a0 \u00a0 \u00a0 \u00a0 \u00a0 \u00a0 \u00a0 \u00a0 \u00a0 \u00a0<strong>Asset Management (TC 3.3) <\/strong>(Dr. Rade Hajdin, Infrastructure Management Consultants GmbH)<br \/>\n16h00 \u00a0 \u00a0 \u00a0 \u00a0 \u00a0 \u00a0 \u00a0 \u00a0 \u00a0 \u00a0 \u00a0 \u00a0<strong>Pavements (TC 4.1) <\/strong>(Prof. Dr. Nicolas Bueche, BFH)<br \/>\n16h30 \u00a0 \u00a0 \u00a0 \u00a0 \u00a0 \u00a0 \u00a0 \u00a0 \u00a0 \u00a0 \u00a0 \u00a0<strong>Bridges (TC 4.2) <\/strong>(Dr. Dimitrios Papastergiou, ASTRA)<br \/>\n17h00 \u00a0 \u00a0 \u00a0 \u00a0 \u00a0 \u00a0 \u00a0 \u00a0 \u00a0 \u00a0 \u00a0 \u00a0<strong>Discussion, tour de feedback\u00a0<\/strong>(Andr\u00e9 Magnin)<br \/>\n17h30 \u00a0 \u00a0 \u00a0 \u00a0 \u00a0 \u00a0 \u00a0 \u00a0 \u00a0 \u00a0 \u00a0 \u00a0<b>Fin de la conf\u00e9rence<\/b><\/p>\n<\/div><\/div><\/div><\/div><\/div><\/div><\/div><\/section>\n","protected":false},"excerpt":{"rendered":"ANMELDUNG JAHRESKONFERENZ 29. November 2022 Erkenntnisse f\u00fcr die Schweiz aus der Strategieperiode 2020 &#8211; 2023 INSCRIPTION CONF\u00c9RENCE ANNUELLE 29 novembre 2022 Conclusions pour la Suisse de la p\u00e9riode strat\u00e9gique 2020 &#8211; 2023 Bitte vollst\u00e4ndig ausf\u00fcllen und auf Senden klicken. Veuillez compl\u00e9ter enti\u00e8rement le formulaire et cliquer sur Envoyer. Externe(r) Teilnehmer(in) \/ Participant externe PIARC Switzerland...","protected":false},"author":5,"featured_media":0,"parent":0,"menu_order":0,"comment_status":"closed","ping_status":"closed","template":"","meta":{"footnotes":""},"class_list":["post-497","page","type-page","status-publish","hentry"],"_links":{"self":[{"href":"https:\/\/piarc.ch\/en\/wp-json\/wp\/v2\/pages\/497","targetHints":{"allow":["GET"]}}],"collection":[{"href":"https:\/\/piarc.ch\/en\/wp-json\/wp\/v2\/pages"}],"about":[{"href":"https:\/\/piarc.ch\/en\/wp-json\/wp\/v2\/types\/page"}],"author":[{"embeddable":true,"href":"https:\/\/piarc.ch\/en\/wp-json\/wp\/v2\/users\/5"}],"replies":[{"embeddable":true,"href":"https:\/\/piarc.ch\/en\/wp-json\/wp\/v2\/comments?post=497"}],"version-history":[{"count":82,"href":"https:\/\/piarc.ch\/en\/wp-json\/wp\/v2\/pages\/497\/revisions"}],"predecessor-version":[{"id":1217,"href":"https:\/\/piarc.ch\/en\/wp-json\/wp\/v2\/pages\/497\/revisions\/1217"}],"wp:attachment":[{"href":"https:\/\/piarc.ch\/en\/wp-json\/wp\/v2\/media?parent=497"}],"curies":[{"name":"wp","href":"https:\/\/api.w.org\/{rel}","templated":true}]}}