{"id":639,"date":"2020-11-26T16:38:34","date_gmt":"2020-11-26T15:38:34","guid":{"rendered":"https:\/\/piarc.ch\/temporaere-startseite\/"},"modified":"2026-04-10T09:21:58","modified_gmt":"2026-04-10T07:21:58","slug":"temporaere-startseite","status":"publish","type":"page","link":"https:\/\/piarc.ch\/fr\/","title":{"rendered":"Startseite"},"content":{"rendered":"<section class=\"l-section wpb_row height_auto\"><div class=\"l-section-h i-cf\"><div class=\"g-cols vc_row via_flex valign_top type_default stacking_default\"><div class=\"vc_col-sm-12 wpb_column vc_column_container\"><div class=\"vc_column-inner\"><div class=\"wpb_wrapper\">\n\t\t\t<!-- START Slider 1 REVOLUTION SLIDER 6.7.40 --><p class=\"rs-p-wp-fix\"><\/p>\n\t\t\t<rs-module-wrap id=\"rev_slider_1_1_wrapper\" data-source=\"gallery\" style=\"visibility:hidden;background:transparent;padding:0;margin:0px auto;margin-top:0;margin-bottom:0;\">\n\t\t\t\t<rs-module id=\"rev_slider_1_1\" style=\"\" data-version=\"6.7.40\">\n\t\t\t\t\t<rs-slides style=\"overflow: hidden; position: absolute;\">\n\t\t\t\t\t\t<rs-slide style=\"position: absolute;\" data-key=\"rs-1\" data-title=\"Slide\" data-anim=\"ms:1000;r:0;\" data-in=\"o:0;\" data-out=\"a:false;\">\n\t\t\t\t\t\t\t<img decoding=\"async\" src=\"\/\/piarc.ch\/wp-content\/plugins\/revslider\/sr6\/assets\/assets\/dummy.png\" alt=\"\" title=\"PIARC-AIPCR-Schweiz_ergebnis\" width=\"1920\" height=\"634\" class=\"rev-slidebg tp-rs-img rs-lazyload\" data-lazyload=\"\/\/piarc.ch\/wp-content\/uploads\/PIARC-AIPCR-Schweiz_ergebnis.jpg\" data-no-retina>\n<!---->\t\t\t\t\t<\/rs-slide>\n\t\t\t\t\t<\/rs-slides>\n\t\t\t\t<\/rs-module>\n\t\t\t\t<script>\n\t\t\t\t\tsetREVStartSize({c: 'rev_slider_1_1',rl:[1240,1024,778,480],el:[600],gw:[1240],gh:[600],type:'standard',justify:'',layout:'fullwidth',mh:\"0\"});if (window.RS_MODULES!==undefined && window.RS_MODULES.modules!==undefined && window.RS_MODULES.modules[\"revslider11\"]!==undefined) {window.RS_MODULES.modules[\"revslider11\"].once = false;window.revapi1 = undefined;if (window.RS_MODULES.checkMinimal!==undefined) window.RS_MODULES.checkMinimal()}\n\t\t\t\t<\/script>\n\t\t\t<\/rs-module-wrap>\n\t\t\t<!-- END REVOLUTION SLIDER -->\n<\/div><\/div><\/div><\/div><\/div><\/section><section class=\"l-section wpb_row height_medium\"><div class=\"l-section-h i-cf\"><div class=\"g-cols vc_row via_flex valign_top type_default stacking_default\"><div class=\"vc_col-sm-12 wpb_column vc_column_container\"><div class=\"vc_column-inner\"><div class=\"wpb_wrapper\"><div class=\"wpb_text_column\"><div class=\"wpb_wrapper\"><h1>PIARC SWITZERLAND<\/h1>\n<\/div><\/div><div class=\"wpb_text_column\"><div class=\"wpb_wrapper\"><p>En tant que membre de la PIARC World Road Association, PIARC Switzerland repr\u00e9sente les int\u00e9r\u00eats de la Suisse au sein du r\u00e9seau mondial et participe activement aux \u00e9changes internationaux sur des sujets tels que l\u2019infrastructure routi\u00e8re, la s\u00e9curit\u00e9 routi\u00e8re, les innovations technologiques et le d\u00e9veloppement durable.<\/p>\n<p>PIARC Switzerland est une plateforme d\u2019\u00e9change qui r\u00e9unit les principaux acteurs des transports routiers publics et priv\u00e9s en Suisse afin de d\u00e9velopper et partager des bonnes pratiques et des solutions innovantes pour la Suisse.<\/p>\n<\/div><\/div><\/div><\/div><\/div><\/div><\/div><\/section><section class=\"l-section wpb_row us_custom_fe9ce664 height_medium\"><div class=\"l-section-h i-cf\"><div class=\"g-cols vc_row via_flex valign_top type_default stacking_default\"><div class=\"vc_col-sm-4 wpb_column vc_column_container\"><div class=\"vc_column-inner\"><div class=\"wpb_wrapper\"><div class=\"w-image align_none\"><a href=\"https:\/\/www.piarc-chambery2026.com\" aria-label=\"Chambery_2026_France\" class=\"w-image-h\"><img decoding=\"async\" width=\"443\" height=\"289\" src=\"https:\/\/piarc.ch\/wp-content\/uploads\/Chambery_2026_France.jpg\" class=\"attachment-full size-full\" alt=\"\" loading=\"lazy\" srcset=\"https:\/\/piarc.ch\/wp-content\/uploads\/Chambery_2026_France.jpg 443w, https:\/\/piarc.ch\/wp-content\/uploads\/Chambery_2026_France-300x196.jpg 300w\" sizes=\"auto, (max-width: 443px) 100vw, 443px\" \/><\/a><\/div><div class=\"w-separator size_custom\" style=\"height:40px\"><\/div><div class=\"wpb_text_column us_custom_377aa6f1 has_text_color\"><div class=\"wpb_wrapper\"><h4><strong>MANIFESTATIONS<\/strong><\/h4>\n<\/div><\/div><div class=\"wpb_text_column\"><div class=\"wpb_wrapper\"><p>D\u00e9couvrez nos \u00e9v\u00e9nements.<\/p>\n<\/div><\/div><div class=\"w-btn-wrapper align_none\"><a class=\"w-btn us-btn-style_1\" title=\"Veranstaltungen\" href=\"https:\/\/piarc.ch\/fr\/events-agenda\/\"><span class=\"w-btn-label\">MANIFESTATIONS<\/span><\/a><\/div><\/div><\/div><\/div><div class=\"vc_col-sm-4 wpb_column vc_column_container\"><div class=\"vc_column-inner\"><div class=\"wpb_wrapper\"><div class=\"w-image align_none\"><div class=\"w-image-h\"><img decoding=\"async\" width=\"443\" height=\"289\" src=\"https:\/\/piarc.ch\/wp-content\/uploads\/Thema-zwei.jpg\" class=\"attachment-full size-full\" alt=\"\" loading=\"lazy\" srcset=\"https:\/\/piarc.ch\/wp-content\/uploads\/Thema-zwei.jpg 443w, https:\/\/piarc.ch\/wp-content\/uploads\/Thema-zwei-300x196.jpg 300w\" sizes=\"auto, (max-width: 443px) 100vw, 443px\" \/><\/div><\/div><div class=\"w-separator size_custom\" style=\"height:40px\"><\/div><div class=\"wpb_text_column us_custom_377aa6f1 has_text_color\"><div class=\"wpb_wrapper\"><h4><strong>REPORTAGES<br \/>\n<\/strong><\/h4>\n<\/div><\/div><div class=\"wpb_text_column\"><div class=\"wpb_wrapper\"><p>Restez inform\u00e9 des sujets d&rsquo;actualit\u00e9 de PIARC.<\/p>\n<\/div><\/div><div class=\"w-btn-wrapper align_none\"><a class=\"w-btn us-btn-style_1\" title=\"Veranstaltungen\" href=\"https:\/\/piarc.ch\/fr\/piarc-switzerland\/reports\/\"><span class=\"w-btn-label\">REPORTAGES<\/span><\/a><\/div><\/div><\/div><\/div><div class=\"vc_col-sm-4 wpb_column vc_column_container\"><div class=\"vc_column-inner\"><div class=\"wpb_wrapper\"><div class=\"w-image align_none\"><div class=\"w-image-h\"><img decoding=\"async\" width=\"400\" height=\"282\" src=\"https:\/\/piarc.ch\/wp-content\/uploads\/logoHigh-e1607437371921.png\" class=\"attachment-full size-full\" alt=\"\" loading=\"lazy\" srcset=\"https:\/\/piarc.ch\/wp-content\/uploads\/logoHigh-e1607437371921.png 400w, https:\/\/piarc.ch\/wp-content\/uploads\/logoHigh-e1607437371921-300x212.png 300w\" sizes=\"auto, (max-width: 400px) 100vw, 400px\" \/><\/div><\/div><div class=\"w-separator size_custom\" style=\"height:20px\"><\/div><div class=\"wpb_text_column us_custom_377aa6f1 has_text_color\"><div class=\"wpb_wrapper\"><h4><strong>PIARC WORLD ROAD ASSOCIATION<\/strong><\/h4>\n<\/div><\/div><div class=\"wpb_text_column\"><div class=\"wpb_wrapper\"><p>Apprenez \u00e0 conna\u00eetre notre organisation m\u00e8re.<\/p>\n<\/div><\/div><div class=\"w-btn-wrapper align_none\"><a class=\"w-btn us-btn-style_1\" title=\"Veranstaltungen\" href=\"https:\/\/piarc.ch\/fr\/piarc-world-association\/\"><span class=\"w-btn-label\">PIARC<\/span><\/a><\/div><\/div><\/div><\/div><\/div><\/div><\/section><section class=\"l-section wpb_row us_custom_52ada288 height_medium\"><div class=\"l-section-h i-cf\"><div class=\"g-cols vc_row via_flex valign_top type_default stacking_default\"><div class=\"vc_col-sm-12 wpb_column vc_column_container\"><div class=\"vc_column-inner\"><div class=\"wpb_wrapper\"><div class=\"wpb_text_column us_custom_cc9188a1 has_text_color\"><div class=\"wpb_wrapper\"><h1 style=\"text-align: center;\">DEVENEZ MEMBRE<\/h1>\n<\/div><\/div><div class=\"wpb_text_column us_custom_6df4bc3a has_text_color\"><div class=\"wpb_wrapper\"><p style=\"text-align: center;\">Profitez de notre r\u00e9seau!<\/p>\n<p style=\"text-align: center;\">Si vous \u00eates int\u00e9ress\u00e9, veuillez nous contacter par e-mail \u00e0 l&rsquo;adresse suivante : <a href=\"mailto:info@piarc.ch\">info@piarc.ch<\/a>.<\/p>\n<\/div><\/div><div class=\"w-separator size_custom\" style=\"height:50px\"><\/div><div class=\"w-btn-wrapper align_center\"><a class=\"w-btn us-btn-style_3\" title=\"Veranstaltungen\" href=\"https:\/\/piarc.ch\/fr\/piarc-switzerland\/membership\/\"><span class=\"w-btn-label\">ADH\u00c9SION<\/span><\/a><\/div><\/div><\/div><\/div><\/div><\/div><\/section>\n","protected":false},"excerpt":{"rendered":"PIARC SWITZERLAND En tant que membre de la PIARC World Road Association, PIARC Switzerland repr\u00e9sente les int\u00e9r\u00eats de la Suisse au sein du r\u00e9seau mondial et participe activement aux \u00e9changes internationaux sur des sujets tels que l\u2019infrastructure routi\u00e8re, la s\u00e9curit\u00e9 routi\u00e8re, les innovations technologiques et le d\u00e9veloppement durable. PIARC Switzerland est une plateforme d\u2019\u00e9change qui...","protected":false},"author":1,"featured_media":0,"parent":0,"menu_order":0,"comment_status":"closed","ping_status":"closed","template":"","meta":{"footnotes":""},"class_list":["post-639","page","type-page","status-publish","hentry"],"_links":{"self":[{"href":"https:\/\/piarc.ch\/fr\/wp-json\/wp\/v2\/pages\/639","targetHints":{"allow":["GET"]}}],"collection":[{"href":"https:\/\/piarc.ch\/fr\/wp-json\/wp\/v2\/pages"}],"about":[{"href":"https:\/\/piarc.ch\/fr\/wp-json\/wp\/v2\/types\/page"}],"author":[{"embeddable":true,"href":"https:\/\/piarc.ch\/fr\/wp-json\/wp\/v2\/users\/1"}],"replies":[{"embeddable":true,"href":"https:\/\/piarc.ch\/fr\/wp-json\/wp\/v2\/comments?post=639"}],"version-history":[{"count":34,"href":"https:\/\/piarc.ch\/fr\/wp-json\/wp\/v2\/pages\/639\/revisions"}],"predecessor-version":[{"id":1642,"href":"https:\/\/piarc.ch\/fr\/wp-json\/wp\/v2\/pages\/639\/revisions\/1642"}],"wp:attachment":[{"href":"https:\/\/piarc.ch\/fr\/wp-json\/wp\/v2\/media?parent=639"}],"curies":[{"name":"wp","href":"https:\/\/api.w.org\/{rel}","templated":true}]}}