{"id":646,"date":"2020-10-26T10:18:05","date_gmt":"2020-10-26T09:18:05","guid":{"rendered":"https:\/\/piarc.ch\/events-agenda\/"},"modified":"2026-04-13T10:55:24","modified_gmt":"2026-04-13T08:55:24","slug":"events-agenda","status":"publish","type":"page","link":"https:\/\/piarc.ch\/fr\/events-agenda\/","title":{"rendered":"Events &#038; Agenda"},"content":{"rendered":"<section class=\"l-section wpb_row height_medium\"><div class=\"l-section-h i-cf\"><div class=\"g-cols vc_row via_flex valign_top type_default stacking_default\"><div class=\"vc_col-sm-12 wpb_column vc_column_container\"><div class=\"vc_column-inner\"><div class=\"wpb_wrapper\"><div class=\"wpb_text_column\"><div class=\"wpb_wrapper\"><h1>MANIFESTATIONS &amp; AGENDA<\/h1>\n<\/div><\/div><div class=\"wpb_text_column\"><div class=\"wpb_wrapper\"><h3>CONGR\u00c8S MONDIAUX<\/h3>\n<\/div><\/div><div class=\"wpb_text_column\"><div class=\"wpb_wrapper\"><p>Le premier Congr\u00e8s mondial de la route de la PIARC World Road Association a \u00e9t\u00e9 organis\u00e9 en 1908, \u00e0 Paris. Depuis, la manifestation se tient tous les quatre ans dans un \u00c9tat membre, pour permettre des \u00e9changes \u00e0 l\u2019\u00e9chelon mondial sur les derni\u00e8res innovations techniques et les exp\u00e9riences dans le domaine des routes et des transports.<\/p>\n<p>Depuis 1969, outre le Congr\u00e8s mondial de la route, une conf\u00e9rence internationale sur la viabilit\u00e9 hivernale est \u00e9galement organis\u00e9e tous les quatre ans.<\/p>\n<h4>PROCHAINS \u00c9V\u00c9NEMENTS<\/h4>\n<h4><strong>National<\/strong><\/h4>\n<p>Assembl\u00e9e g\u00e9n\u00e9rale le 3 novembre 2026 (plus d&rsquo;informations \u00e0 venir).<\/p>\n<h4><strong>International<\/strong><\/h4>\n<p><strong>Congr\u00e8s mondial de la viabilit\u00e9 hivernale, de la r\u00e9silience et de la d\u00e9carbonation de la route &#8211; Chamb\u00e9ry 2026<\/strong><\/p>\n<p>Le congr\u00e8s mondial de la viabilit\u00e9 hivernale, de la r\u00e9silience et de la d\u00e9carbonation de la route s&rsquo;est tenu du 10 au 13 mars 2026 \u00e0 Chamb\u00e9ry, en France. L&rsquo;OFROU et PIARC Suisse y \u00e9taient pr\u00e9sents avec un stand d&rsquo;exposition et deux expos\u00e9s :<\/p>\n<ul>\n<li>Th\u00e8mes principaux du stand d&rsquo;exposition : \u00ab Service hivernal d\u00e9carbon\u00e9 \u00bb et \u00ab D\u00e9carbonisation \u00e0 l&rsquo;OFROU \u00bb<\/li>\n<li>Expos\u00e9s : \u00ab Vue d&rsquo;ensemble de la d\u00e9carbonisation dans le trafic routier et l&rsquo;entretien des routes en Suisse \u00bb et \u00ab Exemples de d\u00e9carbonisation dans la vie quotidienne et sur les chantiers \u00bb<\/li>\n<\/ul>\n<p>Le stand d&rsquo;exposition se composait de trois panneaux (dont deux \u00e9crans et un \u00e9cran tactile), d&rsquo;un comptoir et d&rsquo;une salle de mat\u00e9riel, qui \u00e9taient utilis\u00e9s \u00e0 l&rsquo;avant et \u00e0 l&rsquo;arri\u00e8re. Le stand pr\u00e9sentait des chiffres et des faits sur l&rsquo;OFROU ainsi que des informations g\u00e9n\u00e9rales sur les efforts de d\u00e9carbonisation (camions \u00e9lectriques, infrastructure de recharge, centre d&rsquo;entretien de Wallisellen, installations photovolta\u00efques). La Suisse a \u00e9galement particip\u00e9 au championnat du monde de chasse-neige.<\/p>\n<p><a href=\"https:\/\/www.piarc-chambery2026.com\"><img loading=\"lazy\" decoding=\"async\" class=\"alignnone size-medium wp-image-1355\" src=\"https:\/\/piarc.ch\/wp-content\/uploads\/Chambery_2026_France-300x196.jpg\" alt=\"\" width=\"300\" height=\"196\" srcset=\"https:\/\/piarc.ch\/wp-content\/uploads\/Chambery_2026_France-300x196.jpg 300w, https:\/\/piarc.ch\/wp-content\/uploads\/Chambery_2026_France.jpg 443w\" sizes=\"auto, (max-width: 300px) 100vw, 300px\" \/><\/a><\/p>\n<\/div><\/div><div class=\"w-image align_none\"><div class=\"w-image-h\"><img decoding=\"async\" width=\"1024\" height=\"576\" src=\"https:\/\/piarc.ch\/wp-content\/uploads\/PIARC_07-1024x576.jpg\" class=\"attachment-large size-large\" alt=\"\" loading=\"lazy\" srcset=\"https:\/\/piarc.ch\/wp-content\/uploads\/PIARC_07-1024x576.jpg 1024w, https:\/\/piarc.ch\/wp-content\/uploads\/PIARC_07-300x169.jpg 300w, https:\/\/piarc.ch\/wp-content\/uploads\/PIARC_07.jpg 1920w\" sizes=\"auto, (max-width: 1024px) 100vw, 1024px\" \/><\/div><\/div><div class=\"w-separator size_medium\"><\/div><div class=\"w-image align_none\"><div class=\"w-image-h\"><img decoding=\"async\" width=\"1024\" height=\"576\" src=\"https:\/\/piarc.ch\/wp-content\/uploads\/PIARC_08-1024x576.jpg\" class=\"attachment-large size-large\" alt=\"\" loading=\"lazy\" srcset=\"https:\/\/piarc.ch\/wp-content\/uploads\/PIARC_08-1024x576.jpg 1024w, https:\/\/piarc.ch\/wp-content\/uploads\/PIARC_08-300x169.jpg 300w, https:\/\/piarc.ch\/wp-content\/uploads\/PIARC_08.jpg 1920w\" sizes=\"auto, (max-width: 1024px) 100vw, 1024px\" \/><\/div><\/div><div class=\"w-separator size_medium\"><\/div><div class=\"w-image align_none\"><div class=\"w-image-h\"><img decoding=\"async\" width=\"1024\" height=\"576\" src=\"https:\/\/piarc.ch\/wp-content\/uploads\/PIARC_10-1024x576.jpg\" class=\"attachment-large size-large\" alt=\"\" loading=\"lazy\" srcset=\"https:\/\/piarc.ch\/wp-content\/uploads\/PIARC_10-1024x576.jpg 1024w, https:\/\/piarc.ch\/wp-content\/uploads\/PIARC_10-300x169.jpg 300w, https:\/\/piarc.ch\/wp-content\/uploads\/PIARC_10.jpg 1920w\" sizes=\"auto, (max-width: 1024px) 100vw, 1024px\" \/><\/div><\/div><\/div><\/div><\/div><\/div><\/div><\/section>\n","protected":false},"excerpt":{"rendered":"MANIFESTATIONS &amp; AGENDA CONGR\u00c8S MONDIAUX Le premier Congr\u00e8s mondial de la route de la PIARC World Road Association a \u00e9t\u00e9 organis\u00e9 en 1908, \u00e0 Paris. Depuis, la manifestation se tient tous les quatre ans dans un \u00c9tat membre, pour permettre des \u00e9changes \u00e0 l\u2019\u00e9chelon mondial sur les derni\u00e8res innovations techniques et les exp\u00e9riences dans le...","protected":false},"author":1,"featured_media":0,"parent":0,"menu_order":0,"comment_status":"closed","ping_status":"closed","template":"","meta":{"footnotes":""},"class_list":["post-646","page","type-page","status-publish","hentry"],"_links":{"self":[{"href":"https:\/\/piarc.ch\/fr\/wp-json\/wp\/v2\/pages\/646","targetHints":{"allow":["GET"]}}],"collection":[{"href":"https:\/\/piarc.ch\/fr\/wp-json\/wp\/v2\/pages"}],"about":[{"href":"https:\/\/piarc.ch\/fr\/wp-json\/wp\/v2\/types\/page"}],"author":[{"embeddable":true,"href":"https:\/\/piarc.ch\/fr\/wp-json\/wp\/v2\/users\/1"}],"replies":[{"embeddable":true,"href":"https:\/\/piarc.ch\/fr\/wp-json\/wp\/v2\/comments?post=646"}],"version-history":[{"count":14,"href":"https:\/\/piarc.ch\/fr\/wp-json\/wp\/v2\/pages\/646\/revisions"}],"predecessor-version":[{"id":1659,"href":"https:\/\/piarc.ch\/fr\/wp-json\/wp\/v2\/pages\/646\/revisions\/1659"}],"wp:attachment":[{"href":"https:\/\/piarc.ch\/fr\/wp-json\/wp\/v2\/media?parent=646"}],"curies":[{"name":"wp","href":"https:\/\/api.w.org\/{rel}","templated":true}]}}