{"id":648,"date":"2020-12-02T11:48:42","date_gmt":"2020-12-02T10:48:42","guid":{"rendered":"https:\/\/piarc.ch\/events-agenda\/annual-conference\/"},"modified":"2021-08-26T11:45:38","modified_gmt":"2021-08-26T09:45:38","slug":"annual-conference","status":"publish","type":"page","link":"https:\/\/piarc.ch\/fr\/events-agenda\/annual-conference\/","title":{"rendered":"Annual Conference"},"content":{"rendered":"<section class=\"l-section wpb_row height_medium\"><div class=\"l-section-h i-cf\"><div class=\"g-cols vc_row via_flex valign_top type_default stacking_default\"><div class=\"vc_col-sm-12 wpb_column vc_column_container\"><div class=\"vc_column-inner\"><div class=\"wpb_wrapper\"><div class=\"wpb_text_column\"><div class=\"wpb_wrapper\"><h1>CONF\u00c9RENCE ANNUELLE<\/h1>\n<\/div><\/div><div class=\"wpb_text_column\"><div class=\"wpb_wrapper\"><p>PIARC Switzerland organise chaque ann\u00e9e en automne une conf\u00e9rence traitant de th\u00e8mes d&rsquo;actualit\u00e9. Des experts internationaux sont r\u00e9guli\u00e8rement invit\u00e9s \u00e0 venir pr\u00e9senter les vues et m\u00e9thodes en cours dans leur pays.<\/p>\n<\/div><\/div><\/div><\/div><\/div><\/div><\/div><\/section>\n","protected":false},"excerpt":{"rendered":"CONF\u00c9RENCE ANNUELLE PIARC Switzerland organise chaque ann\u00e9e en automne une conf\u00e9rence traitant de th\u00e8mes d&rsquo;actualit\u00e9. Des experts internationaux sont r\u00e9guli\u00e8rement invit\u00e9s \u00e0 venir pr\u00e9senter les vues et m\u00e9thodes en cours dans leur pays.","protected":false},"author":5,"featured_media":0,"parent":646,"menu_order":0,"comment_status":"closed","ping_status":"closed","template":"","meta":{"footnotes":""},"class_list":["post-648","page","type-page","status-publish","hentry"],"_links":{"self":[{"href":"https:\/\/piarc.ch\/fr\/wp-json\/wp\/v2\/pages\/648","targetHints":{"allow":["GET"]}}],"collection":[{"href":"https:\/\/piarc.ch\/fr\/wp-json\/wp\/v2\/pages"}],"about":[{"href":"https:\/\/piarc.ch\/fr\/wp-json\/wp\/v2\/types\/page"}],"author":[{"embeddable":true,"href":"https:\/\/piarc.ch\/fr\/wp-json\/wp\/v2\/users\/5"}],"replies":[{"embeddable":true,"href":"https:\/\/piarc.ch\/fr\/wp-json\/wp\/v2\/comments?post=648"}],"version-history":[{"count":2,"href":"https:\/\/piarc.ch\/fr\/wp-json\/wp\/v2\/pages\/648\/revisions"}],"predecessor-version":[{"id":776,"href":"https:\/\/piarc.ch\/fr\/wp-json\/wp\/v2\/pages\/648\/revisions\/776"}],"up":[{"embeddable":true,"href":"https:\/\/piarc.ch\/fr\/wp-json\/wp\/v2\/pages\/646"}],"wp:attachment":[{"href":"https:\/\/piarc.ch\/fr\/wp-json\/wp\/v2\/media?parent=648"}],"curies":[{"name":"wp","href":"https:\/\/api.w.org\/{rel}","templated":true}]}}