{"id":652,"date":"2020-12-02T13:43:40","date_gmt":"2020-12-02T12:43:40","guid":{"rendered":"https:\/\/piarc.ch\/events-agenda\/upcoming-events\/"},"modified":"2023-05-22T07:57:16","modified_gmt":"2023-05-22T05:57:16","slug":"upcoming-events","status":"publish","type":"page","link":"https:\/\/piarc.ch\/fr\/events-agenda\/upcoming-events\/","title":{"rendered":"Upcoming Events"},"content":{"rendered":"<section class=\"l-section wpb_row height_medium\"><div class=\"l-section-h i-cf\"><div class=\"g-cols vc_row via_flex valign_top type_default stacking_default\"><div class=\"vc_col-sm-12 wpb_column vc_column_container\"><div class=\"vc_column-inner\"><div class=\"wpb_wrapper\"><div class=\"wpb_text_column\"><div class=\"wpb_wrapper\"><h1>MANIFESTATIONS \u00c0 VENIR<\/h1>\n<\/div><\/div><div class=\"wpb_text_column\"><div class=\"wpb_wrapper\"><h3>NATIONAL<\/h3>\n<\/div><\/div><div class=\"wpb_text_column\"><div class=\"wpb_wrapper\"><ul>\n<li>2 juin 2023, Assembl\u00e9e g\u00e9n\u00e9rale PIARC Switzerland, G\u00f6schenen<\/li>\n<\/ul>\n<\/div><\/div><div class=\"wpb_text_column\"><div class=\"wpb_wrapper\"><h3>INTERNATIONAL<\/h3>\n<\/div><\/div><div class=\"wpb_text_column\"><div class=\"wpb_wrapper\"><p><a href=\"https:\/\/www.wrc2023prague.org\">XXVII World Road Congress Prague, 2-6 October 2023<\/a><\/p>\n<\/div><\/div><\/div><\/div><\/div><\/div><\/div><\/section><section class=\"l-section wpb_row us_custom_fe9ce664 height_medium\"><div class=\"l-section-h i-cf\"><div class=\"g-cols vc_row via_flex valign_top type_default stacking_default\"><div class=\"vc_col-sm-6 wpb_column vc_column_container\"><div class=\"vc_column-inner\"><div class=\"wpb_wrapper\"><div class=\"w-image us_custom_47474b22 us_animate_this align_none\"><a href=\"https:\/\/www.wrc2023prague.org\" aria-label=\"logo_prague\" class=\"w-image-h\"><img decoding=\"async\" width=\"236\" height=\"228\" src=\"https:\/\/piarc.ch\/wp-content\/uploads\/logo_prague.png\" class=\"attachment-large size-large\" alt=\"\" loading=\"lazy\" \/><\/a><\/div><\/div><\/div><\/div><\/div><\/div><\/section><section class=\"l-section wpb_row us_custom_52ada288 height_medium\"><div class=\"l-section-h i-cf\"><div class=\"g-cols vc_row via_flex valign_top type_default stacking_default\"><\/div><\/div><\/section><div class=\"vc_col-sm-12 wpb_column vc_column_container\"><div class=\"vc_column-inner\"><div class=\"wpb_wrapper\"><\/div><\/div><\/div><div class=\"wpb_text_column us_custom_cc9188a1 has_text_color\"><div class=\"wpb_wrapper\"><p>I am text block. Click edit button to change this text. Lorem ipsum dolor sit amet, consectetur adipiscing elit. Ut elit tellus, luctus nec ullamcorper mattis, pulvinar dapibus leo.<\/p>\n<\/div><\/div>\n","protected":false},"excerpt":{"rendered":"MANIFESTATIONS \u00c0 VENIR NATIONAL 2 juin 2023, Assembl\u00e9e g\u00e9n\u00e9rale PIARC Switzerland, G\u00f6schenen INTERNATIONAL XXVII World Road Congress Prague, 2-6 October 2023 I am text block. Click edit button to change this text. Lorem ipsum dolor sit amet, consectetur adipiscing elit. Ut elit tellus, luctus nec ullamcorper mattis, pulvinar dapibus leo.","protected":false},"author":5,"featured_media":0,"parent":646,"menu_order":0,"comment_status":"closed","ping_status":"closed","template":"","meta":{"footnotes":""},"class_list":["post-652","page","type-page","status-publish","hentry"],"_links":{"self":[{"href":"https:\/\/piarc.ch\/fr\/wp-json\/wp\/v2\/pages\/652","targetHints":{"allow":["GET"]}}],"collection":[{"href":"https:\/\/piarc.ch\/fr\/wp-json\/wp\/v2\/pages"}],"about":[{"href":"https:\/\/piarc.ch\/fr\/wp-json\/wp\/v2\/types\/page"}],"author":[{"embeddable":true,"href":"https:\/\/piarc.ch\/fr\/wp-json\/wp\/v2\/users\/5"}],"replies":[{"embeddable":true,"href":"https:\/\/piarc.ch\/fr\/wp-json\/wp\/v2\/comments?post=652"}],"version-history":[{"count":9,"href":"https:\/\/piarc.ch\/fr\/wp-json\/wp\/v2\/pages\/652\/revisions"}],"predecessor-version":[{"id":1310,"href":"https:\/\/piarc.ch\/fr\/wp-json\/wp\/v2\/pages\/652\/revisions\/1310"}],"up":[{"embeddable":true,"href":"https:\/\/piarc.ch\/fr\/wp-json\/wp\/v2\/pages\/646"}],"wp:attachment":[{"href":"https:\/\/piarc.ch\/fr\/wp-json\/wp\/v2\/media?parent=652"}],"curies":[{"name":"wp","href":"https:\/\/api.w.org\/{rel}","templated":true}]}}