{"id":662,"date":"2020-10-26T10:17:27","date_gmt":"2020-10-26T09:17:27","guid":{"rendered":"https:\/\/piarc.ch\/piarc-switzerland\/"},"modified":"2026-02-11T15:35:03","modified_gmt":"2026-02-11T14:35:03","slug":"piarc-switzerland","status":"publish","type":"page","link":"https:\/\/piarc.ch\/fr\/piarc-switzerland\/","title":{"rendered":"PIARC Switzerland"},"content":{"rendered":"<section class=\"l-section wpb_row height_medium\"><div class=\"l-section-h i-cf\"><div class=\"g-cols vc_row via_flex valign_top type_default stacking_default\"><div class=\"vc_col-sm-12 wpb_column vc_column_container\"><div class=\"vc_column-inner\"><div class=\"wpb_wrapper\"><div class=\"wpb_text_column\"><div class=\"wpb_wrapper\"><h1 style=\"text-align: left;\">PIARC SWITZERLAND<\/h1>\n<\/div><\/div><div class=\"wpb_text_column\"><div class=\"wpb_wrapper\"><p>Comme dans la plupart des pays, c\u2019est une organisation sp\u00e9cifique qui g\u00e8re, en Suisse, les activit\u00e9s de la PIARC World Road Association : le comit\u00e9 national PIARC Switzerland, cr\u00e9\u00e9 en 1997 et d\u00e9sormais rattach\u00e9 \u00e0 l\u2019Office f\u00e9d\u00e9ral des routes (OFROU).<\/p>\n<p>PIARC Switzerland se consid\u00e8re comme une plateforme d\u2019\u00e9change sur la route et les transports. Le comit\u00e9 national s\u2019engage \u00e0 promouvoir le dialogue et l\u2019\u00e9change d\u2019informations entre les associations professionnelles et les milieux int\u00e9ress\u00e9s, tant en Suisse qu\u2019\u00e0 l\u2019\u00e9tranger. En outre, il soutient activement la participation de ses membres aux Technical Committees de la PIARC World Road Association.<\/p>\n<\/div><\/div><\/div><\/div><\/div><\/div><\/div><\/section><section class=\"l-section wpb_row us_custom_52ada288 height_medium\"><div class=\"l-section-h i-cf\"><div class=\"g-cols vc_row via_flex valign_top type_default stacking_default\"><div class=\"vc_col-sm-12 wpb_column vc_column_container\"><div class=\"vc_column-inner\"><div class=\"wpb_wrapper\"><div class=\"wpb_text_column us_custom_cc9188a1 has_text_color\"><div class=\"wpb_wrapper\"><h1 style=\"text-align: center;\">DEVENEZ MEMBRE<\/h1>\n<\/div><\/div><div class=\"wpb_text_column us_custom_6df4bc3a has_text_color\"><div class=\"wpb_wrapper\"><p style=\"text-align: center;\">B\u00e9n\u00e9ficiez de nombreux avantages!<\/p>\n<p style=\"text-align: center;\">Si vous \u00eates int\u00e9ress\u00e9, veuillez nous contacter par e-mail \u00e0 l&rsquo;adresse suivante : <a href=\"mailto:info@piarc.ch\">info@piarc.ch<\/a>.<\/p>\n<\/div><\/div><div class=\"w-separator size_custom\" style=\"height:60px\"><\/div><div class=\"w-btn-wrapper align_center\"><a class=\"w-btn us-btn-style_3\" title=\"Veranstaltungen\" href=\"https:\/\/piarc.ch\/fr\/piarc-switzerland\/membership\/\"><span class=\"w-btn-label\">ADH\u00c9SION<\/span><\/a><\/div><\/div><\/div><\/div><\/div><\/div><\/section>\n","protected":false},"excerpt":{"rendered":"PIARC SWITZERLAND Comme dans la plupart des pays, c\u2019est une organisation sp\u00e9cifique qui g\u00e8re, en Suisse, les activit\u00e9s de la PIARC World Road Association : le comit\u00e9 national PIARC Switzerland, cr\u00e9\u00e9 en 1997 et d\u00e9sormais rattach\u00e9 \u00e0 l\u2019Office f\u00e9d\u00e9ral des routes (OFROU). PIARC Switzerland se consid\u00e8re comme une plateforme d\u2019\u00e9change sur la route et les...","protected":false},"author":1,"featured_media":0,"parent":0,"menu_order":0,"comment_status":"closed","ping_status":"closed","template":"","meta":{"footnotes":""},"class_list":["post-662","page","type-page","status-publish","hentry"],"_links":{"self":[{"href":"https:\/\/piarc.ch\/fr\/wp-json\/wp\/v2\/pages\/662","targetHints":{"allow":["GET"]}}],"collection":[{"href":"https:\/\/piarc.ch\/fr\/wp-json\/wp\/v2\/pages"}],"about":[{"href":"https:\/\/piarc.ch\/fr\/wp-json\/wp\/v2\/types\/page"}],"author":[{"embeddable":true,"href":"https:\/\/piarc.ch\/fr\/wp-json\/wp\/v2\/users\/1"}],"replies":[{"embeddable":true,"href":"https:\/\/piarc.ch\/fr\/wp-json\/wp\/v2\/comments?post=662"}],"version-history":[{"count":10,"href":"https:\/\/piarc.ch\/fr\/wp-json\/wp\/v2\/pages\/662\/revisions"}],"predecessor-version":[{"id":1608,"href":"https:\/\/piarc.ch\/fr\/wp-json\/wp\/v2\/pages\/662\/revisions\/1608"}],"wp:attachment":[{"href":"https:\/\/piarc.ch\/fr\/wp-json\/wp\/v2\/media?parent=662"}],"curies":[{"name":"wp","href":"https:\/\/api.w.org\/{rel}","templated":true}]}}