{"id":668,"date":"2020-10-26T13:55:57","date_gmt":"2020-10-26T12:55:57","guid":{"rendered":"https:\/\/piarc.ch\/piarc-switzerland\/membership\/"},"modified":"2026-04-15T15:02:46","modified_gmt":"2026-04-15T13:02:46","slug":"membership","status":"publish","type":"page","link":"https:\/\/piarc.ch\/fr\/piarc-switzerland\/membership\/","title":{"rendered":"Membership"},"content":{"rendered":"<section class=\"l-section wpb_row height_auto\"><div class=\"l-section-h i-cf\"><div class=\"g-cols vc_row via_flex valign_top type_default stacking_default\"><div class=\"vc_col-sm-12 wpb_column vc_column_container\"><div class=\"vc_column-inner\"><div class=\"wpb_wrapper\"><div class=\"g-cols wpb_row via_flex valign_top type_default stacking_default\"><div class=\"vc_col-sm-12 wpb_column vc_column_container\"><div class=\"vc_column-inner\"><div class=\"wpb_wrapper\"><div class=\"wpb_text_column\"><div class=\"wpb_wrapper\"><h1>\u00a0<\/h1>\n<h1>ADH\u00c9SION \u00c0 PIARC SWITZERLAND<\/h1>\n<\/div><\/div><div class=\"wpb_text_column\"><div class=\"wpb_wrapper\"><p>Les membres de PIARC Switzerland b\u00e9n\u00e9ficient des avantages suivants :<\/p>\n<ul>\n<li>possibilit\u00e9 de repr\u00e9senter la Suisse au sein des Technical Committees de la PIARC World Road Association ;<\/li>\n<li>abonnement gratuit \u00e0 la revue internationale <a href=\"https:\/\/www.piarc.org\/en\/activities\/Routes-Roads-Magazine\">Routes\/Roads<\/a> ;<\/li>\n<li>r\u00e9ductions tarifaires lors des inscriptions aux Congr\u00e8s mondiaux de la viabilit\u00e9 hivernale et aux Congr\u00e8s mondiaux de la route.<\/li>\n<\/ul>\n<p>Il existe les trois cat\u00e9gories de membres suivantes :<\/p>\n<ul>\n<li>membres individuels ;<\/li>\n<li>membres collectifs ;<\/li>\n<li>membres honoraires ;<\/li>\n<li>NOUVEAU : <a href=\"https:\/\/piarc.ch\/wp-content\/uploads\/One-Pager_PIARC-Studentenmitgliedschaft-FR-Final.pdf\">adh\u00e9sion pour les \u00e9tudiants<\/a>.<\/li>\n<\/ul>\n<p>Tous les membres de PIARC Switzerland sont \u00e9galement membres de la PIARC World Road Association.<\/p>\n<\/div><\/div><div class=\"w-btn-wrapper align_none\"><a class=\"w-btn us-btn-style_1\" title=\"Statutes\" href=\"https:\/\/piarc.ch\/fr\/piarc-switzerland\/statutes\/\"><span class=\"w-btn-label\">Statuts<\/span><\/a><\/div><div class=\"w-separator size_large\"><\/div><\/div><\/div><\/div><\/div><\/div><\/div><\/div><\/div><\/div><\/section>\n","protected":false},"excerpt":{"rendered":"\u00a0 ADH\u00c9SION \u00c0 PIARC SWITZERLAND Les membres de PIARC Switzerland b\u00e9n\u00e9ficient des avantages suivants : possibilit\u00e9 de repr\u00e9senter la Suisse au sein des Technical Committees de la PIARC World Road Association ; abonnement gratuit \u00e0 la revue internationale Routes\/Roads ; r\u00e9ductions tarifaires lors des inscriptions aux Congr\u00e8s mondiaux de la viabilit\u00e9 hivernale et aux Congr\u00e8s...","protected":false},"author":1,"featured_media":0,"parent":662,"menu_order":0,"comment_status":"closed","ping_status":"closed","template":"","meta":{"footnotes":""},"class_list":["post-668","page","type-page","status-publish","hentry"],"_links":{"self":[{"href":"https:\/\/piarc.ch\/fr\/wp-json\/wp\/v2\/pages\/668","targetHints":{"allow":["GET"]}}],"collection":[{"href":"https:\/\/piarc.ch\/fr\/wp-json\/wp\/v2\/pages"}],"about":[{"href":"https:\/\/piarc.ch\/fr\/wp-json\/wp\/v2\/types\/page"}],"author":[{"embeddable":true,"href":"https:\/\/piarc.ch\/fr\/wp-json\/wp\/v2\/users\/1"}],"replies":[{"embeddable":true,"href":"https:\/\/piarc.ch\/fr\/wp-json\/wp\/v2\/comments?post=668"}],"version-history":[{"count":15,"href":"https:\/\/piarc.ch\/fr\/wp-json\/wp\/v2\/pages\/668\/revisions"}],"predecessor-version":[{"id":1673,"href":"https:\/\/piarc.ch\/fr\/wp-json\/wp\/v2\/pages\/668\/revisions\/1673"}],"up":[{"embeddable":true,"href":"https:\/\/piarc.ch\/fr\/wp-json\/wp\/v2\/pages\/662"}],"wp:attachment":[{"href":"https:\/\/piarc.ch\/fr\/wp-json\/wp\/v2\/media?parent=668"}],"curies":[{"name":"wp","href":"https:\/\/api.w.org\/{rel}","templated":true}]}}