{"id":670,"date":"2020-10-26T13:55:08","date_gmt":"2020-10-26T12:55:08","guid":{"rendered":"https:\/\/piarc.ch\/piarc-switzerland\/organisation\/"},"modified":"2026-02-11T15:00:33","modified_gmt":"2026-02-11T14:00:33","slug":"organisation","status":"publish","type":"page","link":"https:\/\/piarc.ch\/fr\/piarc-switzerland\/organisation\/","title":{"rendered":"Organisation"},"content":{"rendered":"<section class=\"l-section wpb_row height_medium\"><div class=\"l-section-h i-cf\"><div class=\"g-cols vc_row via_flex valign_top type_default stacking_default\"><div class=\"vc_col-sm-12 wpb_column vc_column_container\"><div class=\"vc_column-inner\"><div class=\"wpb_wrapper\"><div class=\"wpb_text_column\"><div class=\"wpb_wrapper\"><h1>ORGANISATION<\/h1>\n<\/div><\/div><div class=\"wpb_text_column\"><div class=\"wpb_wrapper\"><p>Les organes de PIARC Switzerland sont les suivants:<\/p>\n<\/div><\/div><div class=\"w-tabs style_default switch_click accordion has_scrolling\" style=\"--sections-title-size:inherit\"><div class=\"w-tabs-sections titles-align_none icon_chevron cpos_right\"><div class=\"w-tabs-section\" id=\"1603796219310-7f7c3f57-9e5b\"><button class=\"w-tabs-section-header\" aria-controls=\"content-1603796219310-7f7c3f57-9e5b\" aria-expanded=\"false\"><h1 class=\"w-tabs-section-title\">Comit\u00e9 d&rsquo;experts<\/h1><div class=\"w-tabs-section-control\"><\/div><\/button><div  class=\"w-tabs-section-content\" id=\"content-1603796219310-7f7c3f57-9e5b\"><div class=\"w-tabs-section-content-h i-cf\"><div class=\"wpb_text_column\"><div class=\"wpb_wrapper\"><p>Le comit\u00e9 d\u2019experts est le comit\u00e9 directeur de PIARC Switzerland. Sa pr\u00e9sidente dirige l\u2019organisation suisse, et le comit\u00e9 d\u2019experts repr\u00e9sente cette derni\u00e8re lors des r\u00e9unions nationales et internationales de PIARC.<\/p>\n<p><strong>Pr\u00e9sidente :<\/strong><br \/>\nVivian Welten, ASTRA<\/p>\n<\/div><\/div><\/div><\/div><\/div><div class=\"w-tabs-section\" id=\"1603796219328-b9031b25-2629\"><button class=\"w-tabs-section-header\" aria-controls=\"content-1603796219328-b9031b25-2629\" aria-expanded=\"false\"><h1 class=\"w-tabs-section-title\">Secr\u00e9tariat<\/h1><div class=\"w-tabs-section-control\"><\/div><\/button><div  class=\"w-tabs-section-content\" id=\"content-1603796219328-b9031b25-2629\"><div class=\"w-tabs-section-content-h i-cf\"><div class=\"wpb_text_column\"><div class=\"wpb_wrapper\"><p>Le secr\u00e9tariat assume toutes les t\u00e2ches administratives et organisationnelles vis-\u00e0-vis des membres et de la PIARC World Road Association.<\/p>\n<p>PIARC Switzerland<br \/>3003 Bern<br \/><a href=\"mailto:info@piarc.ch\">info@piarc.ch<\/a><\/p>\n<\/div><\/div><\/div><\/div><\/div><div class=\"w-tabs-section\" id=\"1603796306971-1eaca5bf-25f3\"><button class=\"w-tabs-section-header\" aria-controls=\"content-1603796306971-1eaca5bf-25f3\" aria-expanded=\"false\"><h1 class=\"w-tabs-section-title\">Assembl\u00e9e nationale<\/h1><div class=\"w-tabs-section-control\"><\/div><\/button><div  class=\"w-tabs-section-content\" id=\"content-1603796306971-1eaca5bf-25f3\"><div class=\"w-tabs-section-content-h i-cf\"><div class=\"wpb_text_column\"><div class=\"wpb_wrapper\"><p>L\u2019Assembl\u00e9e nationale constitue l\u2019association informelle de tous les membres suisses de la PIARC World Road Association (membres individuels et membres collectifs).<\/p>\n<\/div><\/div><\/div><\/div><\/div><\/div><\/div><\/div><\/div><\/div><\/div><\/div><\/section>\n","protected":false},"excerpt":{"rendered":"ORGANISATION Les organes de PIARC Switzerland sont les suivants: Comit\u00e9 d&rsquo;expertsLe comit\u00e9 d\u2019experts est le comit\u00e9 directeur de PIARC Switzerland. Sa pr\u00e9sidente dirige l\u2019organisation suisse, et le comit\u00e9 d\u2019experts repr\u00e9sente cette derni\u00e8re lors des r\u00e9unions nationales et internationales de PIARC. Pr\u00e9sidente : Vivian Welten, ASTRA Secr\u00e9tariatLe secr\u00e9tariat assume toutes les t\u00e2ches administratives et organisationnelles vis-\u00e0-vis...","protected":false},"author":1,"featured_media":0,"parent":662,"menu_order":0,"comment_status":"closed","ping_status":"closed","template":"","meta":{"footnotes":""},"class_list":["post-670","page","type-page","status-publish","hentry"],"_links":{"self":[{"href":"https:\/\/piarc.ch\/fr\/wp-json\/wp\/v2\/pages\/670","targetHints":{"allow":["GET"]}}],"collection":[{"href":"https:\/\/piarc.ch\/fr\/wp-json\/wp\/v2\/pages"}],"about":[{"href":"https:\/\/piarc.ch\/fr\/wp-json\/wp\/v2\/types\/page"}],"author":[{"embeddable":true,"href":"https:\/\/piarc.ch\/fr\/wp-json\/wp\/v2\/users\/1"}],"replies":[{"embeddable":true,"href":"https:\/\/piarc.ch\/fr\/wp-json\/wp\/v2\/comments?post=670"}],"version-history":[{"count":33,"href":"https:\/\/piarc.ch\/fr\/wp-json\/wp\/v2\/pages\/670\/revisions"}],"predecessor-version":[{"id":1586,"href":"https:\/\/piarc.ch\/fr\/wp-json\/wp\/v2\/pages\/670\/revisions\/1586"}],"up":[{"embeddable":true,"href":"https:\/\/piarc.ch\/fr\/wp-json\/wp\/v2\/pages\/662"}],"wp:attachment":[{"href":"https:\/\/piarc.ch\/fr\/wp-json\/wp\/v2\/media?parent=670"}],"curies":[{"name":"wp","href":"https:\/\/api.w.org\/{rel}","templated":true}]}}