{"id":672,"date":"2020-10-26T13:54:47","date_gmt":"2020-10-26T12:54:47","guid":{"rendered":"https:\/\/piarc.ch\/piarc-switzerland\/policy\/"},"modified":"2025-02-04T11:57:02","modified_gmt":"2025-02-04T10:57:02","slug":"policy","status":"publish","type":"page","link":"https:\/\/piarc.ch\/fr\/piarc-switzerland\/policy\/","title":{"rendered":"Policy"},"content":{"rendered":"<section class=\"l-section wpb_row height_medium\"><div class=\"l-section-h i-cf\"><div class=\"g-cols vc_row via_flex valign_top type_default stacking_default\"><div class=\"vc_col-sm-12 wpb_column vc_column_container\"><div class=\"vc_column-inner\"><div class=\"wpb_wrapper\"><div class=\"wpb_text_column\"><div class=\"wpb_wrapper\"><h1>PIARC SWITZERLAND<\/h1>\n<\/div><\/div><div class=\"wpb_text_column\"><div class=\"wpb_wrapper\"><ul>\n<li>PIARC Switzerland attire l\u2019attention sur une s\u00e9lection de th\u00e8mes trait\u00e9s au sein des Technical Committees, gr\u00e2ce \u00e0 une communication cibl\u00e9e.<\/li>\n<li>PIARC Switzerland encourage l\u2019\u00e9change et la discussion sur les th\u00e8mes susmentionn\u00e9s, via des canaux appropri\u00e9s.<\/li>\n<li>PIARC Switzerland met en r\u00e9seau les parties prenantes int\u00e9ress\u00e9es du secteur de la mobilit\u00e9 et des infrastructures en assurant un transfert de connaissances sur des questions importantes pour aujourd\u2019hui et pour demain.<\/li>\n<li>PIARC Switzerland positionne la Suisse parmi les pays \u00e0 la pointe en mati\u00e8re de mobilit\u00e9 et d\u2019infrastructures, en contribuant activement au travail de la PIARC World Road Association, gr\u00e2ce aux id\u00e9es et solutions distill\u00e9es via les Technical Committees notamment.<\/li>\n<\/ul>\n<\/div><\/div><\/div><\/div><\/div><\/div><\/div><\/section><div class=\"vc_col-sm-12 wpb_column vc_column_container\"><div class=\"vc_column-inner\"><div class=\"wpb_wrapper\"><\/div><\/div><\/div>\n","protected":false},"excerpt":{"rendered":"PIARC SWITZERLAND PIARC Switzerland attire l\u2019attention sur une s\u00e9lection de th\u00e8mes trait\u00e9s au sein des Technical Committees, gr\u00e2ce \u00e0 une communication cibl\u00e9e. PIARC Switzerland encourage l\u2019\u00e9change et la discussion sur les th\u00e8mes susmentionn\u00e9s, via des canaux appropri\u00e9s. PIARC Switzerland met en r\u00e9seau les parties prenantes int\u00e9ress\u00e9es du secteur de la mobilit\u00e9 et des infrastructures en...","protected":false},"author":1,"featured_media":0,"parent":662,"menu_order":0,"comment_status":"closed","ping_status":"closed","template":"","meta":{"footnotes":""},"class_list":["post-672","page","type-page","status-publish","hentry"],"_links":{"self":[{"href":"https:\/\/piarc.ch\/fr\/wp-json\/wp\/v2\/pages\/672","targetHints":{"allow":["GET"]}}],"collection":[{"href":"https:\/\/piarc.ch\/fr\/wp-json\/wp\/v2\/pages"}],"about":[{"href":"https:\/\/piarc.ch\/fr\/wp-json\/wp\/v2\/types\/page"}],"author":[{"embeddable":true,"href":"https:\/\/piarc.ch\/fr\/wp-json\/wp\/v2\/users\/1"}],"replies":[{"embeddable":true,"href":"https:\/\/piarc.ch\/fr\/wp-json\/wp\/v2\/comments?post=672"}],"version-history":[{"count":6,"href":"https:\/\/piarc.ch\/fr\/wp-json\/wp\/v2\/pages\/672\/revisions"}],"predecessor-version":[{"id":1510,"href":"https:\/\/piarc.ch\/fr\/wp-json\/wp\/v2\/pages\/672\/revisions\/1510"}],"up":[{"embeddable":true,"href":"https:\/\/piarc.ch\/fr\/wp-json\/wp\/v2\/pages\/662"}],"wp:attachment":[{"href":"https:\/\/piarc.ch\/fr\/wp-json\/wp\/v2\/media?parent=672"}],"curies":[{"name":"wp","href":"https:\/\/api.w.org\/{rel}","templated":true}]}}