{"id":674,"date":"2020-10-26T13:57:33","date_gmt":"2020-10-26T12:57:33","guid":{"rendered":"https:\/\/piarc.ch\/piarc-switzerland\/reports\/"},"modified":"2026-02-11T15:10:03","modified_gmt":"2026-02-11T14:10:03","slug":"reports","status":"publish","type":"page","link":"https:\/\/piarc.ch\/fr\/piarc-switzerland\/reports\/","title":{"rendered":"Reports"},"content":{"rendered":"<section class=\"l-section wpb_row height_medium\"><div class=\"l-section-h i-cf\"><div class=\"g-cols vc_row via_flex valign_top type_default stacking_default\"><div class=\"vc_col-sm-12 wpb_column vc_column_container\"><div class=\"vc_column-inner\"><div class=\"wpb_wrapper\"><div class=\"wpb_text_column\"><div class=\"wpb_wrapper\"><h1>REPORTAGES<\/h1>\n<\/div><\/div><div class=\"wpb_text_column\"><div class=\"wpb_wrapper\"><p>Reportages sur les p\u00e9riodes strat\u00e9giques pass\u00e9es et en cours.<\/p>\n<\/div><\/div><div class=\"w-tabs style_default switch_click accordion has_scrolling\" style=\"--sections-title-size:inherit\"><div class=\"w-tabs-sections titles-align_none icon_chevron cpos_right\"><div class=\"w-tabs-section\" id=\"1607437910631-d5648fad-0570\"><button class=\"w-tabs-section-header\" aria-controls=\"content-1607437910631-d5648fad-0570\" aria-expanded=\"false\"><div class=\"w-tabs-section-title\">Plan strat\u00e9gique 2024 &#8211; 2027<\/div><div class=\"w-tabs-section-control\"><\/div><\/button><div  class=\"w-tabs-section-content\" id=\"content-1607437910631-d5648fad-0570\"><div class=\"w-tabs-section-content-h i-cf\"><div class=\"wpb_text_column\"><div class=\"wpb_wrapper\"><\/div><\/div><\/div><\/div><\/div><div class=\"w-tabs-section\" id=\"dcbb\"><button class=\"w-tabs-section-header\" aria-controls=\"content-dcbb\" aria-expanded=\"false\"><div class=\"w-tabs-section-title\">Plan strat\u00e9gique 2020 &#8211; 2023<\/div><div class=\"w-tabs-section-control\"><\/div><\/button><div  class=\"w-tabs-section-content\" id=\"content-dcbb\"><div class=\"w-tabs-section-content-h i-cf\"><div class=\"wpb_text_column\"><div class=\"wpb_wrapper\"><ul>\n<li><a href=\"https:\/\/piarc.ch\/wp-content\/uploads\/Strategic-Plan-2020-2023-PIARC-World-Road-Association-Update-October-2020.pdf\">Strategic Plan 2020 &#8211; 2023 PIARC &#8211; The World Road Association<\/a><\/li>\n<li><a href=\"https:\/\/piarc.ch\/wp-content\/uploads\/02_Maik_Hoemke_TC_2.1.pdf\">TC 2.1 Mobility in Urban Areas,\u00a0Maik H\u00f6mke<\/a><\/li>\n<li><a href=\"https:\/\/piarc.ch\/wp-content\/uploads\/03_Martin_Ruesch_TC_2.3.pdf\">TC 2.3 Freight, Martin Ruesch<\/a><\/li>\n<li><a href=\"https:\/\/piarc.ch\/wp-content\/uploads\/04_Rade_Hajdin_TC_3.3-1.pdf\">TC 3.3 Asset Management, Rade Hajdin<\/a><\/li>\n<li><a href=\"https:\/\/piarc.ch\/wp-content\/uploads\/05_Nicolas_Bueche_TC_4.1.pdf\">TC 4.1 Pavements, Nicolas Bueche<\/a><\/li>\n<li><a href=\"https:\/\/piarc.ch\/wp-content\/uploads\/06_Dimitrios_Papastergiou_TC_4.2.pdf\">TC 4.2 Bridges, Dimitrios Papastergiou<\/a><\/li>\n<\/ul>\n<\/div><\/div><\/div><\/div><\/div><div class=\"w-tabs-section\" id=\"1607437910647-b1ed7ca2-f1ee\"><button class=\"w-tabs-section-header\" aria-controls=\"content-1607437910647-b1ed7ca2-f1ee\" aria-expanded=\"false\"><div class=\"w-tabs-section-title\">Plan strat\u00e9gique 2016 &#8211; 2019<\/div><div class=\"w-tabs-section-control\"><\/div><\/button><div  class=\"w-tabs-section-content\" id=\"content-1607437910647-b1ed7ca2-f1ee\"><div class=\"w-tabs-section-content-h i-cf\"><div class=\"wpb_text_column\"><div class=\"wpb_wrapper\"><div class=\"page\" title=\"Page 1\">\n<div class=\"layoutArea\">\n<div class=\"column\">\n<ul>\n<li><a href=\"https:\/\/piarc.ch\/wp-content\/uploads\/04_TC_Taetigkeitsbericht_2016-2019.pdf\">Schlussbericht 2016-2019: zu den T\u00e4tigkeiten in Technischen Komitees mit Schweizer Beteiligung<\/a><\/li>\n<li><a href=\"https:\/\/piarc.ch\/wp-content\/uploads\/05_PIARC_Bericht_WRC_2019_in_Abu_Dhabi.pdf\">26. PIARC Weltstrassenkongress in Abu Dhabi 2019<\/a><\/li>\n<\/ul>\n<\/div>\n<\/div>\n<\/div>\n<\/div><\/div><\/div><\/div><\/div><\/div><\/div><\/div><\/div><\/div><\/div><\/div><\/section>\n","protected":false},"excerpt":{"rendered":"REPORTAGES Reportages sur les p\u00e9riodes strat\u00e9giques pass\u00e9es et en cours. Plan strat\u00e9gique 2024 &#8211; 2027Plan strat\u00e9gique 2020 &#8211; 2023 Strategic Plan 2020 &#8211; 2023 PIARC &#8211; The World Road Association TC 2.1 Mobility in Urban Areas,\u00a0Maik H\u00f6mke TC 2.3 Freight, Martin Ruesch TC 3.3 Asset Management, Rade Hajdin TC 4.1 Pavements, Nicolas Bueche TC 4.2...","protected":false},"author":1,"featured_media":0,"parent":662,"menu_order":0,"comment_status":"closed","ping_status":"closed","template":"","meta":{"footnotes":""},"class_list":["post-674","page","type-page","status-publish","hentry"],"_links":{"self":[{"href":"https:\/\/piarc.ch\/fr\/wp-json\/wp\/v2\/pages\/674","targetHints":{"allow":["GET"]}}],"collection":[{"href":"https:\/\/piarc.ch\/fr\/wp-json\/wp\/v2\/pages"}],"about":[{"href":"https:\/\/piarc.ch\/fr\/wp-json\/wp\/v2\/types\/page"}],"author":[{"embeddable":true,"href":"https:\/\/piarc.ch\/fr\/wp-json\/wp\/v2\/users\/1"}],"replies":[{"embeddable":true,"href":"https:\/\/piarc.ch\/fr\/wp-json\/wp\/v2\/comments?post=674"}],"version-history":[{"count":12,"href":"https:\/\/piarc.ch\/fr\/wp-json\/wp\/v2\/pages\/674\/revisions"}],"predecessor-version":[{"id":1592,"href":"https:\/\/piarc.ch\/fr\/wp-json\/wp\/v2\/pages\/674\/revisions\/1592"}],"up":[{"embeddable":true,"href":"https:\/\/piarc.ch\/fr\/wp-json\/wp\/v2\/pages\/662"}],"wp:attachment":[{"href":"https:\/\/piarc.ch\/fr\/wp-json\/wp\/v2\/media?parent=674"}],"curies":[{"name":"wp","href":"https:\/\/api.w.org\/{rel}","templated":true}]}}