{"id":678,"date":"2020-10-26T10:19:02","date_gmt":"2020-10-26T09:19:02","guid":{"rendered":"https:\/\/piarc.ch\/piarc-world-association\/"},"modified":"2025-02-04T11:55:14","modified_gmt":"2025-02-04T10:55:14","slug":"piarc-world-association","status":"publish","type":"page","link":"https:\/\/piarc.ch\/fr\/piarc-world-association\/","title":{"rendered":"PIARC Association mondiale"},"content":{"rendered":"<section class=\"l-section wpb_row height_auto\"><div class=\"l-section-h i-cf\"><div class=\"g-cols vc_row via_flex valign_top type_default stacking_default\"><div class=\"vc_col-sm-12 wpb_column vc_column_container\"><div class=\"vc_column-inner\"><div class=\"wpb_wrapper\"><div class=\"g-cols wpb_row via_flex valign_top type_default stacking_default\"><div class=\"vc_col-sm-12 wpb_column vc_column_container\"><div class=\"vc_column-inner\"><div class=\"wpb_wrapper\"><div class=\"wpb_text_column\"><div class=\"wpb_wrapper\"><h1>\u00a0<\/h1>\n<h1>PIARC WORLD ROAD ASSOCIATION<\/h1>\n<\/div><\/div><\/div><\/div><\/div><\/div><\/div><\/div><\/div><\/div><\/div><\/section><section class=\"l-section wpb_row height_medium\"><div class=\"l-section-h i-cf\"><div class=\"g-cols vc_row via_flex valign_top type_default stacking_default\"><div class=\"vc_col-sm-12 wpb_column vc_column_container\"><div class=\"vc_column-inner\"><div class=\"wpb_wrapper\"><div class=\"wpb_text_column\"><div class=\"wpb_wrapper\"><p>Fond\u00e9e en 1909, la <a href=\"https:\/\/www.piarc.org\/fr\/\">PIARC World Road Association<\/a> est la plus ancienne association au monde dans le domaine de la route et des transports. Aujourd\u2019hui, 128 gouvernements du monde entier en sont membres et 51 pays disposent d\u2019un comit\u00e9 national. La PIARC World Road Association b\u00e9n\u00e9ficie d\u2019un statut consultatif aupr\u00e8s du Conseil \u00e9conomique et social des Nations Unies.<\/p>\n<p>La PIARC World Road Association sert ses membres en :<\/p>\n<ul>\n<li>faisant office de forum international de premier plan pour l\u2019analyse et la discussion de l\u2019ensemble des questions de transport li\u00e9es aux routes et \u00e0 la circulation routi\u00e8re ;<\/li>\n<li>identifiant, d\u00e9veloppant et diffusant les bonnes pratiques et en offrant un meilleur acc\u00e8s aux informations internationales ;<\/li>\n<li>d\u00e9veloppant et promouvant des outils efficaces pour la prise de d\u00e9cision relative aux questions relevant des routes et de la circulation routi\u00e8re.<\/li>\n<\/ul>\n<p>La PIARC World Road Association atteint les objectifs ci-dessus gr\u00e2ce \u00e0 :<\/p>\n<ul>\n<li>la cr\u00e9ation des Technical Committees et leur coordination ;<\/li>\n<li>l\u2019organisation d\u2019un Congr\u00e8s mondial de la route (tous les quatre ans), d\u2019un Congr\u00e8s mondial de la viabilit\u00e9 hivernale (\u00e9galement tous les quatre ans) et de divers s\u00e9minaires techniques ;<\/li>\n<li>la publication d\u2019un grand nombre de documents, dont la revue trimestrielle <a href=\"https:\/\/routesroadsmag.piarc.org\/fr\/\">Routes\/Roads<\/a>.<\/li>\n<\/ul>\n<\/div><\/div><\/div><\/div><\/div><\/div><\/div><\/section>\n","protected":false},"excerpt":{"rendered":"\u00a0 PIARC WORLD ROAD ASSOCIATION Fond\u00e9e en 1909, la PIARC World Road Association est la plus ancienne association au monde dans le domaine de la route et des transports. Aujourd\u2019hui, 128 gouvernements du monde entier en sont membres et 51 pays disposent d\u2019un comit\u00e9 national. La PIARC World Road Association b\u00e9n\u00e9ficie d\u2019un statut consultatif aupr\u00e8s...","protected":false},"author":1,"featured_media":0,"parent":0,"menu_order":0,"comment_status":"closed","ping_status":"closed","template":"","meta":{"footnotes":""},"class_list":["post-678","page","type-page","status-publish","hentry"],"_links":{"self":[{"href":"https:\/\/piarc.ch\/fr\/wp-json\/wp\/v2\/pages\/678","targetHints":{"allow":["GET"]}}],"collection":[{"href":"https:\/\/piarc.ch\/fr\/wp-json\/wp\/v2\/pages"}],"about":[{"href":"https:\/\/piarc.ch\/fr\/wp-json\/wp\/v2\/types\/page"}],"author":[{"embeddable":true,"href":"https:\/\/piarc.ch\/fr\/wp-json\/wp\/v2\/users\/1"}],"replies":[{"embeddable":true,"href":"https:\/\/piarc.ch\/fr\/wp-json\/wp\/v2\/comments?post=678"}],"version-history":[{"count":11,"href":"https:\/\/piarc.ch\/fr\/wp-json\/wp\/v2\/pages\/678\/revisions"}],"predecessor-version":[{"id":1509,"href":"https:\/\/piarc.ch\/fr\/wp-json\/wp\/v2\/pages\/678\/revisions\/1509"}],"wp:attachment":[{"href":"https:\/\/piarc.ch\/fr\/wp-json\/wp\/v2\/media?parent=678"}],"curies":[{"name":"wp","href":"https:\/\/api.w.org\/{rel}","templated":true}]}}