{"id":688,"date":"2020-10-26T10:18:48","date_gmt":"2020-10-26T09:18:48","guid":{"rendered":"https:\/\/piarc.ch\/technical-committees\/"},"modified":"2025-02-04T11:53:08","modified_gmt":"2025-02-04T10:53:08","slug":"technical-committees","status":"publish","type":"page","link":"https:\/\/piarc.ch\/fr\/technical-committees\/","title":{"rendered":"Technical Committees"},"content":{"rendered":"<section class=\"l-section wpb_row height_medium\"><div class=\"l-section-h i-cf\"><div class=\"g-cols vc_row via_flex valign_top type_default stacking_default\"><div class=\"vc_col-sm-12 wpb_column vc_column_container\"><div class=\"vc_column-inner\"><div class=\"wpb_wrapper\"><div class=\"wpb_text_column\"><div class=\"wpb_wrapper\"><h1>TECHNICAL COMMITTEES<\/h1>\n<\/div><\/div><div class=\"wpb_text_column\"><div class=\"wpb_wrapper\"><ul>\n<li>Les Technical Committees traitent de questions li\u00e9es \u00e0 la route et aux transports, notamment la s\u00e9curit\u00e9 et la conception routi\u00e8res, l\u2019exploitation et l\u2019entretien, le financement et la gestion.<\/li>\n<li>Les Technical Committees sont r\u00e9organis\u00e9s tous les quatre ans sur la base des th\u00e8mes du Plan strat\u00e9gique applicable de\u00a0la PIARC World Road Association.<\/li>\n<li>Les membres des Technical Committees ont acc\u00e8s \u00e0 des informations et \u00e0 un savoir-faire internationaux, et ont la possibilit\u00e9 d\u2019\u00e9largir leur exp\u00e9rience professionnelle et leur r\u00e9seau.<\/li>\n<\/ul>\n<\/div><\/div><div class=\"w-separator size_custom\" style=\"height:30px\"><\/div><div class=\"wpb_text_column\"><div class=\"wpb_wrapper\"><h4>PLAN STRAT\u00c9GIQUE 2024 &#8211; 2027<\/h4>\n<\/div><\/div><div class=\"wpb_text_column\"><div class=\"wpb_wrapper\"><p>La p\u00e9riode strat\u00e9gique 2024-2027 d\u00e9termine la structure organisationnelle des Technical Committees dans quatre domaines th\u00e9matiques strat\u00e9giques.<\/p>\n<\/div><\/div><div class=\"w-tabs layout_hor style_default switch_click has_scrolling\" style=\"--sections-title-size:1em\"><div class=\"w-tabs-list items_5 align_none\"><div class=\"w-tabs-list-h\"><button class=\"w-tabs-item active\" aria-controls=\"content-1607440520501-d888736b-90e5\" aria-expanded=\"false\"><span class=\"w-tabs-item-title\">1 Road Administration<\/span><\/button><button class=\"w-tabs-item\" aria-controls=\"content-1607440791148-d4bbe5ba-2b7b\" aria-expanded=\"false\"><span class=\"w-tabs-item-title\">2 Road Mobility<\/span><\/button><button class=\"w-tabs-item\" aria-controls=\"content-1607440790867-62e7aab4-22e9\" aria-expanded=\"false\"><span class=\"w-tabs-item-title\">3 Safety and Sustainability<\/span><\/button><button class=\"w-tabs-item\" aria-controls=\"content-1607440788173-e0bb2c81-cf1c\" aria-expanded=\"false\"><span class=\"w-tabs-item-title\">4 Resilient Infrastructure<\/span><\/button><button class=\"w-tabs-item\" aria-controls=\"content-se13\" aria-expanded=\"false\"><span class=\"w-tabs-item-title\">5 Cross-cutting Committees<\/span><\/button><\/div><\/div><div class=\"w-tabs-sections titles-align_none icon_chevron cpos_right\"><div class=\"w-tabs-section active\" id=\"1607440520501-d888736b-90e5\"><button class=\"w-tabs-section-header active\" aria-controls=\"content-1607440520501-d888736b-90e5\" aria-expanded=\"true\"><div class=\"w-tabs-section-title\">1 Road Administration<\/div><div class=\"w-tabs-section-control\"><\/div><\/button><div  class=\"w-tabs-section-content\" id=\"content-1607440520501-d888736b-90e5\"><div class=\"w-tabs-section-content-h i-cf\"><div class=\"wpb_text_column\"><div class=\"wpb_wrapper\"><ul>\n<li>TC 1.1 Performance of Transport Administrations<\/li>\n<li>TC 1.2 Contribution of Roads to Economic and Social Development<\/li>\n<li><strong>TC 1.3 Finance and Procurement<\/strong><\/li>\n<li>TC 1.4 Planning the Resilience of Road Networks &#8211; Climate Change and other Hazards<\/li>\n<li>TC 1.5 Disaster Management<\/li>\n<\/ul>\n<\/div><\/div><\/div><\/div><\/div><div class=\"w-tabs-section\" id=\"1607440791148-d4bbe5ba-2b7b\"><button class=\"w-tabs-section-header\" aria-controls=\"content-1607440791148-d4bbe5ba-2b7b\" aria-expanded=\"false\"><div class=\"w-tabs-section-title\">2 Road Mobility<\/div><div class=\"w-tabs-section-control\"><\/div><\/button><div  class=\"w-tabs-section-content\" id=\"content-1607440791148-d4bbe5ba-2b7b\"><div class=\"w-tabs-section-content-h i-cf\"><div class=\"wpb_text_column\"><div class=\"wpb_wrapper\"><ul class=\"nps_list-links\">\n<li>\n<p><strong>TC 2.1 Roads for Accessibility and Mobility in Urban and Periurban Areas<\/strong><\/p>\n<\/li>\n<li>\n<p>TC 2.2 Roads for Equity, Accessibility and Mobility in Rural and Interurban Areas<\/p>\n<\/li>\n<li>\n<p>TC 2.3 Sustainable Freight<\/p>\n<\/li>\n<li>\n<p><strong>TC 2.4 Road Network Operations and ITS for Sustainability<\/strong><\/p>\n<\/li>\n<li>\n<p><strong>TC 2.5 Road infrastructure for Connected and Automated Mobility<\/strong><\/p>\n<\/li>\n<\/ul>\n<\/div><\/div><\/div><\/div><\/div><div class=\"w-tabs-section\" id=\"1607440790867-62e7aab4-22e9\"><button class=\"w-tabs-section-header\" aria-controls=\"content-1607440790867-62e7aab4-22e9\" aria-expanded=\"false\"><div class=\"w-tabs-section-title\">3 Safety and Sustainability<\/div><div class=\"w-tabs-section-control\"><\/div><\/button><div  class=\"w-tabs-section-content\" id=\"content-1607440790867-62e7aab4-22e9\"><div class=\"w-tabs-section-content-h i-cf\"><div class=\"wpb_text_column\"><div class=\"wpb_wrapper\"><ul class=\"nps_list-links\">\n<li>\n<p><strong>TC 3.1 Road Safety<\/strong><\/p>\n<\/li>\n<li>\n<p><strong>TC 3.2 Winter Service<\/strong><\/p>\n<\/li>\n<li>\n<p><strong>TC 3.3 Asset Management<\/strong><\/p>\n<\/li>\n<li>\n<p><strong>TC 3.4 Environmental Sustainability of Road Infrastructure and Transport<\/strong><\/p>\n<\/li>\n<li>\n<p>TC 3.5 Road infrastructure for road transport decarbonization<\/p>\n<\/li>\n<\/ul>\n<\/div><\/div><\/div><\/div><\/div><div class=\"w-tabs-section\" id=\"1607440788173-e0bb2c81-cf1c\"><button class=\"w-tabs-section-header\" aria-controls=\"content-1607440788173-e0bb2c81-cf1c\" aria-expanded=\"false\"><div class=\"w-tabs-section-title\">4 Resilient Infrastructure<\/div><div class=\"w-tabs-section-control\"><\/div><\/button><div  class=\"w-tabs-section-content\" id=\"content-1607440788173-e0bb2c81-cf1c\"><div class=\"w-tabs-section-content-h i-cf\"><div class=\"wpb_text_column\"><div class=\"wpb_wrapper\"><ul class=\"nps_list-links\">\n<li>\n<p>TC 4.1 Pavements<\/p>\n<\/li>\n<li>\n<p>TC 4.2 Bridges<\/p>\n<\/li>\n<li>\n<p>TC 4.3 Earthworks<\/p>\n<\/li>\n<li>\n<p><strong>TC 4.4 Tunnels<\/strong><\/p>\n<\/li>\n<li>\n<p><strong>TC 4.5 Decarbonization of Road Construction and Road Maintenance<\/strong><\/p>\n<\/li>\n<li>\n<p>TC 4.6 Road Design Standards<\/p>\n<\/li>\n<\/ul>\n<\/div><\/div><\/div><\/div><\/div><div class=\"w-tabs-section\" id=\"se13\"><button class=\"w-tabs-section-header\" aria-controls=\"content-se13\" aria-expanded=\"false\"><div class=\"w-tabs-section-title\">5 Cross-cutting Committees<\/div><div class=\"w-tabs-section-control\"><\/div><\/button><div  class=\"w-tabs-section-content\" id=\"content-se13\"><div class=\"w-tabs-section-content-h i-cf\"><div class=\"wpb_text_column\"><div class=\"wpb_wrapper\"><ul class=\"nps_list-links\">\n<li>\n<p>Committee on Terminology<\/p>\n<\/li>\n<li>\n<p>Road Statistics Committee<\/p>\n<\/li>\n<\/ul>\n<\/div><\/div><\/div><\/div><\/div><\/div><\/div><div class=\"w-separator size_medium\"><\/div><div class=\"wpb_text_column\"><div class=\"wpb_wrapper\"><p>La Suisse participe aux Technical Committees <strong>en caract\u00e8res gras<\/strong>.<\/p>\n<p>Vous trouverez plus d&rsquo;informations sur les Technical Committees <a href=\"https:\/\/www.piarc.org\/en\/PIARC-Association-Roads-and-Road-Transportation\/PIARC-Technical-Committees\">ici<\/a>.<\/p>\n<\/div><\/div><\/div><\/div><\/div><\/div><\/div><\/section>\n","protected":false},"excerpt":{"rendered":"TECHNICAL COMMITTEES Les Technical Committees traitent de questions li\u00e9es \u00e0 la route et aux transports, notamment la s\u00e9curit\u00e9 et la conception routi\u00e8res, l\u2019exploitation et l\u2019entretien, le financement et la gestion. Les Technical Committees sont r\u00e9organis\u00e9s tous les quatre ans sur la base des th\u00e8mes du Plan strat\u00e9gique applicable de\u00a0la PIARC World Road Association. Les membres...","protected":false},"author":1,"featured_media":0,"parent":0,"menu_order":0,"comment_status":"closed","ping_status":"closed","template":"","meta":{"footnotes":""},"class_list":["post-688","page","type-page","status-publish","hentry"],"_links":{"self":[{"href":"https:\/\/piarc.ch\/fr\/wp-json\/wp\/v2\/pages\/688","targetHints":{"allow":["GET"]}}],"collection":[{"href":"https:\/\/piarc.ch\/fr\/wp-json\/wp\/v2\/pages"}],"about":[{"href":"https:\/\/piarc.ch\/fr\/wp-json\/wp\/v2\/types\/page"}],"author":[{"embeddable":true,"href":"https:\/\/piarc.ch\/fr\/wp-json\/wp\/v2\/users\/1"}],"replies":[{"embeddable":true,"href":"https:\/\/piarc.ch\/fr\/wp-json\/wp\/v2\/comments?post=688"}],"version-history":[{"count":20,"href":"https:\/\/piarc.ch\/fr\/wp-json\/wp\/v2\/pages\/688\/revisions"}],"predecessor-version":[{"id":1508,"href":"https:\/\/piarc.ch\/fr\/wp-json\/wp\/v2\/pages\/688\/revisions\/1508"}],"wp:attachment":[{"href":"https:\/\/piarc.ch\/fr\/wp-json\/wp\/v2\/media?parent=688"}],"curies":[{"name":"wp","href":"https:\/\/api.w.org\/{rel}","templated":true}]}}